{"id":7506,"date":"2021-03-25T21:47:48","date_gmt":"2021-03-25T19:47:48","guid":{"rendered":"https:\/\/alicebackyard.ee\/majutus\/"},"modified":"2026-02-27T12:18:01","modified_gmt":"2026-02-27T10:18:01","slug":"accommodation","status":"publish","type":"page","link":"https:\/\/alicebackyard.ee\/en\/accommodation\/","title":{"rendered":"Accommodation in P\u00e4rnu"},"content":{"rendered":"\t\t<div data-elementor-type=\"wp-page\" data-elementor-id=\"7506\" class=\"elementor elementor-7506 elementor-4423\" data-elementor-post-type=\"page\">\n\t\t\t\t\t\t<section class=\"elementor-section elementor-top-section elementor-element elementor-element-5e368c6 elementor-section-full_width elementor-section-stretched qodef-elementor-content-grid elementor-section-height-default elementor-section-height-default\" data-id=\"5e368c6\" data-element_type=\"section\" data-e-type=\"section\" data-settings=\"{&quot;stretch_section&quot;:&quot;section-stretched&quot;,&quot;background_background&quot;:&quot;classic&quot;}\">\n\t\t\t\t\t\t\t<div class=\"elementor-background-overlay\"><\/div>\n\t\t\t\t\t\t\t<div class=\"elementor-container elementor-column-gap-no\">\n\t\t\t\t\t<div class=\"elementor-column elementor-col-100 elementor-top-column elementor-element elementor-element-b16b38e\" data-id=\"b16b38e\" data-element_type=\"column\" data-e-type=\"column\">\n\t\t\t<div class=\"elementor-widget-wrap elementor-element-populated\">\n\t\t\t\t\t\t<div class=\"elementor-element elementor-element-ad9cda8 elementor-widget elementor-widget-heading\" data-id=\"ad9cda8\" data-element_type=\"widget\" data-e-type=\"widget\" data-widget_type=\"heading.default\">\n\t\t\t\t<div class=\"elementor-widget-container\">\n\t\t\t\t\t<h1 class=\"elementor-heading-title elementor-size-default\">Accommodation in P\u00e4rnu<\/h1>\t\t\t\t<\/div>\n\t\t\t\t<\/div>\n\t\t\t\t<div class=\"elementor-element elementor-element-feb1973 elementor-widget elementor-widget-text-editor\" data-id=\"feb1973\" data-element_type=\"widget\" data-e-type=\"widget\" data-widget_type=\"text-editor.default\">\n\t\t\t\t<div class=\"elementor-widget-container\">\n\t\t\t\t\t\t\t\t\t<p data-start=\"661\" data-end=\"815\">Holiday in P\u00e4rnu awaits &#8211; choose a one-bedroom guest apartment or a newly built hotel room and enjoy a relaxing stay in P\u00e4rnu County. Alice Backyard is a cozy homestay in P\u00e4rnu that has been offering memorable holiday experiences since 2016. P\u00e4rnu beach is only a 5-minute walk away and the centre of P\u00e4rnu is a 15-minute walk away. Free parking in the courtyard is available for guests. Our two charming historic houses have a total of 3 guest apartments and 4 double rooms.<\/p>\t\t\t\t\t\t\t\t<\/div>\n\t\t\t\t<\/div>\n\t\t\t\t\t<\/div>\n\t\t<\/div>\n\t\t\t\t\t<\/div>\n\t\t<\/section>\n\t\t<div class=\"elementor-element elementor-element-3ebf37a e-con-full e-flex e-con e-parent\" data-id=\"3ebf37a\" data-element_type=\"container\" data-e-type=\"container\">\n\t\t<div class=\"elementor-element elementor-element-3f7d367 e-flex e-con-boxed e-con e-child\" data-id=\"3f7d367\" data-element_type=\"container\" data-e-type=\"container\" data-settings=\"{&quot;background_background&quot;:&quot;classic&quot;}\">\n\t\t\t\t\t<div class=\"e-con-inner\">\n\t\t<div class=\"elementor-element elementor-element-cda0de8 e-con-full e-flex e-con e-child\" data-id=\"cda0de8\" data-element_type=\"container\" data-e-type=\"container\" data-settings=\"{&quot;background_background&quot;:&quot;classic&quot;}\">\n\t\t\t\t<\/div>\n\t\t<div class=\"elementor-element elementor-element-b341d5a e-con-full e-flex e-con e-child\" data-id=\"b341d5a\" data-element_type=\"container\" data-e-type=\"container\" data-settings=\"{&quot;background_background&quot;:&quot;classic&quot;}\">\n\t\t\t\t<div class=\"elementor-element elementor-element-e2c97ed elementor-widget elementor-widget-heading\" data-id=\"e2c97ed\" data-element_type=\"widget\" data-e-type=\"widget\" data-widget_type=\"heading.default\">\n\t\t\t\t<div class=\"elementor-widget-container\">\n\t\t\t\t\t<h2 class=\"elementor-heading-title elementor-size-default\">Guest apartments  <\/h2>\t\t\t\t<\/div>\n\t\t\t\t<\/div>\n\t\t\t\t<div class=\"elementor-element elementor-element-3e7bef4 elementor-widget elementor-widget-text-editor\" data-id=\"3e7bef4\" data-element_type=\"widget\" data-e-type=\"widget\" data-widget_type=\"text-editor.default\">\n\t\t\t\t<div class=\"elementor-widget-container\">\n\t\t\t\t\t\t\t\t\t<p>Alice Backyard Guest Apartments in P\u00e4rnu &#8211; perfect for a romantic holiday with your loved one or a fun getaway with the kids in P\u00e4rnu. Each of our 1-bedroom guest apartments is equipped with a wood-burning fireplace, air conditioning to keep you cool in summer and a well-equipped kitchen.<\/p>\t\t\t\t\t\t\t\t<\/div>\n\t\t\t\t<\/div>\n\t\t\t\t<div class=\"elementor-element elementor-element-f774d9d elementor-align-left elementor-widget elementor-widget-button\" data-id=\"f774d9d\" data-element_type=\"widget\" data-e-type=\"widget\" data-widget_type=\"button.default\">\n\t\t\t\t<div class=\"elementor-widget-container\">\n\t\t\t\t\t\t\t\t\t<div class=\"elementor-button-wrapper\">\n\t\t\t\t\t<a class=\"elementor-button elementor-button-link elementor-size-sm\" href=\"https:\/\/alicebackyard.ee\/en\/guest-apartments-in-parnu\/\" target=\"_blank\">\n\t\t\t\t\t\t<span class=\"elementor-button-content-wrapper\">\n\t\t\t\t\t\t\t\t\t<span class=\"elementor-button-text\">CHECK OUT THE GUEST APARTMENTS<\/span>\n\t\t\t\t\t<\/span>\n\t\t\t\t\t<\/a>\n\t\t\t\t<\/div>\n\t\t\t\t\t\t\t\t<\/div>\n\t\t\t\t<\/div>\n\t\t\t\t<\/div>\n\t\t\t\t\t<\/div>\n\t\t\t\t<\/div>\n\t\t<div class=\"elementor-element elementor-element-f565917 e-flex e-con-boxed e-con e-child\" data-id=\"f565917\" data-element_type=\"container\" data-e-type=\"container\" data-settings=\"{&quot;background_background&quot;:&quot;classic&quot;}\">\n\t\t\t\t\t<div class=\"e-con-inner\">\n\t\t<div class=\"elementor-element elementor-element-cc6ce06 e-con-full e-flex e-con e-child\" data-id=\"cc6ce06\" data-element_type=\"container\" data-e-type=\"container\" data-settings=\"{&quot;background_background&quot;:&quot;classic&quot;}\">\n\t\t\t\t<\/div>\n\t\t<div class=\"elementor-element elementor-element-b78ef11 e-con-full e-flex e-con e-child\" data-id=\"b78ef11\" data-element_type=\"container\" data-e-type=\"container\" data-settings=\"{&quot;background_background&quot;:&quot;classic&quot;}\">\n\t\t\t\t<div class=\"elementor-element elementor-element-ce4e696 elementor-widget elementor-widget-heading\" data-id=\"ce4e696\" data-element_type=\"widget\" data-e-type=\"widget\" data-widget_type=\"heading.default\">\n\t\t\t\t<div class=\"elementor-widget-container\">\n\t\t\t\t\t<h2 class=\"elementor-heading-title elementor-size-default\">Hotel rooms  <\/h2>\t\t\t\t<\/div>\n\t\t\t\t<\/div>\n\t\t\t\t<div class=\"elementor-element elementor-element-b501d99 elementor-widget elementor-widget-text-editor\" data-id=\"b501d99\" data-element_type=\"widget\" data-e-type=\"widget\" data-widget_type=\"text-editor.default\">\n\t\t\t\t<div class=\"elementor-widget-container\">\n\t\t\t\t\t\t\t\t\t<p>Completed in the summer of 2025, the hotel rooms are a great choice for couples and business travellers looking for a comfortable and stylish stay in the heart of the city. All rooms have a private bathroom, a large writing desk, good internet access, a fridge, kettle and coffee machine. The 4 comfortably furnished ground-floor rooms can accommodate up to 8 people.  <\/p>\t\t\t\t\t\t\t\t<\/div>\n\t\t\t\t<\/div>\n\t\t\t\t<div class=\"elementor-element elementor-element-2aa9d0a elementor-align-left elementor-widget elementor-widget-button\" data-id=\"2aa9d0a\" data-element_type=\"widget\" data-e-type=\"widget\" data-widget_type=\"button.default\">\n\t\t\t\t<div class=\"elementor-widget-container\">\n\t\t\t\t\t\t\t\t\t<div class=\"elementor-button-wrapper\">\n\t\t\t\t\t<a class=\"elementor-button elementor-button-link elementor-size-sm\" href=\"https:\/\/alicebackyard.ee\/en\/hotel-rooms-in-parnu\/\" target=\"_blank\">\n\t\t\t\t\t\t<span class=\"elementor-button-content-wrapper\">\n\t\t\t\t\t\t\t\t\t<span class=\"elementor-button-text\">check out the hotel rooms<\/span>\n\t\t\t\t\t<\/span>\n\t\t\t\t\t<\/a>\n\t\t\t\t<\/div>\n\t\t\t\t\t\t\t\t<\/div>\n\t\t\t\t<\/div>\n\t\t\t\t<\/div>\n\t\t\t\t\t<\/div>\n\t\t\t\t<\/div>\n\t\t\t\t<\/div>\n\t\t\t\t<\/div>\n\t\t","protected":false},"excerpt":{"rendered":"<p>Accommodation in P\u00e4rnu Holiday in P\u00e4rnu awaits &#8211; choose a one-bedroom guest apartment or a newly built hotel room and enjoy a relaxing stay in P\u00e4rnu County. Alice Backyard is a cozy homestay in P\u00e4rnu that has been offering memorable holiday experiences since 2016. P\u00e4rnu beach is only a 5-minute walk away and the centre [&hellip;]<\/p>\n","protected":false},"author":5,"featured_media":0,"parent":0,"menu_order":0,"comment_status":"closed","ping_status":"closed","template":"","meta":{"footnotes":""},"class_list":["post-7506","page","type-page","status-publish","hentry"],"yoast_head":"<!-- This site is optimized with the Yoast SEO plugin v27.3 - https:\/\/yoast.com\/product\/yoast-seo-wordpress\/ -->\n<title>Alice Backyard - accommodation in P\u00e4rnu | check out our guest apartments and rooms<\/title>\n<meta name=\"description\" content=\"Alice Backyard accommodation is private and secure. Flexible and contact-free entry, our apartments and rooms are code-locked.\" \/>\n<meta name=\"robots\" content=\"index, follow, max-snippet:-1, max-image-preview:large, max-video-preview:-1\" \/>\n<link rel=\"canonical\" href=\"https:\/\/alicebackyard.ee\/en\/accommodation\/\" \/>\n<meta property=\"og:locale\" content=\"en_US\" \/>\n<meta property=\"og:type\" content=\"article\" \/>\n<meta property=\"og:title\" content=\"Alice Backyard - accommodation in P\u00e4rnu | check out our guest apartments and rooms\" \/>\n<meta property=\"og:description\" content=\"Alice Backyard accommodation is private and secure. Flexible and contact-free entry, our apartments and rooms are code-locked.\" \/>\n<meta property=\"og:url\" content=\"https:\/\/alicebackyard.ee\/en\/accommodation\/\" \/>\n<meta property=\"og:site_name\" content=\"Alice Backyard\" \/>\n<meta property=\"article:publisher\" content=\"https:\/\/www.facebook.com\/memmemajutus.ee\" \/>\n<meta property=\"article:modified_time\" content=\"2026-02-27T10:18:01+00:00\" \/>\n<meta name=\"twitter:card\" content=\"summary_large_image\" \/>\n<meta name=\"twitter:label1\" content=\"Est. reading time\" \/>\n\t<meta name=\"twitter:data1\" content=\"6 minutes\" \/>\n<script type=\"application\/ld+json\" class=\"yoast-schema-graph\">{\"@context\":\"https:\\\/\\\/schema.org\",\"@graph\":[{\"@type\":\"WebPage\",\"@id\":\"https:\\\/\\\/alicebackyard.ee\\\/en\\\/accommodation\\\/\",\"url\":\"https:\\\/\\\/alicebackyard.ee\\\/en\\\/accommodation\\\/\",\"name\":\"Alice Backyard - accommodation in P\u00e4rnu | check out our guest apartments and rooms\",\"isPartOf\":{\"@id\":\"https:\\\/\\\/alicebackyard.ee\\\/#website\"},\"datePublished\":\"2021-03-25T19:47:48+00:00\",\"dateModified\":\"2026-02-27T10:18:01+00:00\",\"description\":\"Alice Backyard accommodation is private and secure. Flexible and contact-free entry, our apartments and rooms are code-locked.\",\"breadcrumb\":{\"@id\":\"https:\\\/\\\/alicebackyard.ee\\\/en\\\/accommodation\\\/#breadcrumb\"},\"inLanguage\":\"en-US\",\"potentialAction\":[{\"@type\":\"ReadAction\",\"target\":[\"https:\\\/\\\/alicebackyard.ee\\\/en\\\/accommodation\\\/\"]}]},{\"@type\":\"BreadcrumbList\",\"@id\":\"https:\\\/\\\/alicebackyard.ee\\\/en\\\/accommodation\\\/#breadcrumb\",\"itemListElement\":[{\"@type\":\"ListItem\",\"position\":1,\"name\":\"Home\",\"item\":\"https:\\\/\\\/alicebackyard.ee\\\/en\\\/\"},{\"@type\":\"ListItem\",\"position\":2,\"name\":\"Accommodation in P\u00e4rnu\"}]},{\"@type\":\"WebSite\",\"@id\":\"https:\\\/\\\/alicebackyard.ee\\\/#website\",\"url\":\"https:\\\/\\\/alicebackyard.ee\\\/\",\"name\":\"Alice Backyard\",\"description\":\"M&otilde;nus maja, hubased toad ja kodune olemine\",\"publisher\":{\"@id\":\"https:\\\/\\\/alicebackyard.ee\\\/#organization\"},\"potentialAction\":[{\"@type\":\"SearchAction\",\"target\":{\"@type\":\"EntryPoint\",\"urlTemplate\":\"https:\\\/\\\/alicebackyard.ee\\\/?s={search_term_string}\"},\"query-input\":{\"@type\":\"PropertyValueSpecification\",\"valueRequired\":true,\"valueName\":\"search_term_string\"}}],\"inLanguage\":\"en-US\"},{\"@type\":\"Organization\",\"@id\":\"https:\\\/\\\/alicebackyard.ee\\\/#organization\",\"name\":\"Memme majutus\",\"url\":\"https:\\\/\\\/alicebackyard.ee\\\/\",\"logo\":{\"@type\":\"ImageObject\",\"inLanguage\":\"en-US\",\"@id\":\"https:\\\/\\\/alicebackyard.ee\\\/#\\\/schema\\\/logo\\\/image\\\/\",\"url\":\"https:\\\/\\\/alicebackyard.ee\\\/wp-content\\\/uploads\\\/2021\\\/09\\\/memme-majutus-logo.png\",\"contentUrl\":\"https:\\\/\\\/alicebackyard.ee\\\/wp-content\\\/uploads\\\/2021\\\/09\\\/memme-majutus-logo.png\",\"width\":404,\"height\":150,\"caption\":\"Memme majutus\"},\"image\":{\"@id\":\"https:\\\/\\\/alicebackyard.ee\\\/#\\\/schema\\\/logo\\\/image\\\/\"},\"sameAs\":[\"https:\\\/\\\/www.facebook.com\\\/memmemajutus.ee\",\"https:\\\/\\\/www.instagram.com\\\/memme_accommodation\\\/\"]}]}<\/script>\n<!-- \/ Yoast SEO plugin. -->","yoast_head_json":{"title":"Alice Backyard - accommodation in P\u00e4rnu | check out our guest apartments and rooms","description":"Alice Backyard accommodation is private and secure. Flexible and contact-free entry, our apartments and rooms are code-locked.","robots":{"index":"index","follow":"follow","max-snippet":"max-snippet:-1","max-image-preview":"max-image-preview:large","max-video-preview":"max-video-preview:-1"},"canonical":"https:\/\/alicebackyard.ee\/en\/accommodation\/","og_locale":"en_US","og_type":"article","og_title":"Alice Backyard - accommodation in P\u00e4rnu | check out our guest apartments and rooms","og_description":"Alice Backyard accommodation is private and secure. Flexible and contact-free entry, our apartments and rooms are code-locked.","og_url":"https:\/\/alicebackyard.ee\/en\/accommodation\/","og_site_name":"Alice Backyard","article_publisher":"https:\/\/www.facebook.com\/memmemajutus.ee","article_modified_time":"2026-02-27T10:18:01+00:00","twitter_card":"summary_large_image","twitter_misc":{"Est. reading time":"6 minutes"},"schema":{"@context":"https:\/\/schema.org","@graph":[{"@type":"WebPage","@id":"https:\/\/alicebackyard.ee\/en\/accommodation\/","url":"https:\/\/alicebackyard.ee\/en\/accommodation\/","name":"Alice Backyard - accommodation in P\u00e4rnu | check out our guest apartments and rooms","isPartOf":{"@id":"https:\/\/alicebackyard.ee\/#website"},"datePublished":"2021-03-25T19:47:48+00:00","dateModified":"2026-02-27T10:18:01+00:00","description":"Alice Backyard accommodation is private and secure. Flexible and contact-free entry, our apartments and rooms are code-locked.","breadcrumb":{"@id":"https:\/\/alicebackyard.ee\/en\/accommodation\/#breadcrumb"},"inLanguage":"en-US","potentialAction":[{"@type":"ReadAction","target":["https:\/\/alicebackyard.ee\/en\/accommodation\/"]}]},{"@type":"BreadcrumbList","@id":"https:\/\/alicebackyard.ee\/en\/accommodation\/#breadcrumb","itemListElement":[{"@type":"ListItem","position":1,"name":"Home","item":"https:\/\/alicebackyard.ee\/en\/"},{"@type":"ListItem","position":2,"name":"Accommodation in P\u00e4rnu"}]},{"@type":"WebSite","@id":"https:\/\/alicebackyard.ee\/#website","url":"https:\/\/alicebackyard.ee\/","name":"Alice Backyard","description":"M&otilde;nus maja, hubased toad ja kodune olemine","publisher":{"@id":"https:\/\/alicebackyard.ee\/#organization"},"potentialAction":[{"@type":"SearchAction","target":{"@type":"EntryPoint","urlTemplate":"https:\/\/alicebackyard.ee\/?s={search_term_string}"},"query-input":{"@type":"PropertyValueSpecification","valueRequired":true,"valueName":"search_term_string"}}],"inLanguage":"en-US"},{"@type":"Organization","@id":"https:\/\/alicebackyard.ee\/#organization","name":"Memme majutus","url":"https:\/\/alicebackyard.ee\/","logo":{"@type":"ImageObject","inLanguage":"en-US","@id":"https:\/\/alicebackyard.ee\/#\/schema\/logo\/image\/","url":"https:\/\/alicebackyard.ee\/wp-content\/uploads\/2021\/09\/memme-majutus-logo.png","contentUrl":"https:\/\/alicebackyard.ee\/wp-content\/uploads\/2021\/09\/memme-majutus-logo.png","width":404,"height":150,"caption":"Memme majutus"},"image":{"@id":"https:\/\/alicebackyard.ee\/#\/schema\/logo\/image\/"},"sameAs":["https:\/\/www.facebook.com\/memmemajutus.ee","https:\/\/www.instagram.com\/memme_accommodation\/"]}]}},"_links":{"self":[{"href":"https:\/\/alicebackyard.ee\/en\/wp-json\/wp\/v2\/pages\/7506","targetHints":{"allow":["GET"]}}],"collection":[{"href":"https:\/\/alicebackyard.ee\/en\/wp-json\/wp\/v2\/pages"}],"about":[{"href":"https:\/\/alicebackyard.ee\/en\/wp-json\/wp\/v2\/types\/page"}],"author":[{"embeddable":true,"href":"https:\/\/alicebackyard.ee\/en\/wp-json\/wp\/v2\/users\/5"}],"replies":[{"embeddable":true,"href":"https:\/\/alicebackyard.ee\/en\/wp-json\/wp\/v2\/comments?post=7506"}],"version-history":[{"count":30,"href":"https:\/\/alicebackyard.ee\/en\/wp-json\/wp\/v2\/pages\/7506\/revisions"}],"predecessor-version":[{"id":15602,"href":"https:\/\/alicebackyard.ee\/en\/wp-json\/wp\/v2\/pages\/7506\/revisions\/15602"}],"wp:attachment":[{"href":"https:\/\/alicebackyard.ee\/en\/wp-json\/wp\/v2\/media?parent=7506"}],"curies":[{"name":"wp","href":"https:\/\/api.w.org\/{rel}","templated":true}]}}