{"id":13595,"date":"2025-03-27T18:02:57","date_gmt":"2025-03-27T16:02:57","guid":{"rendered":"https:\/\/alicebackyard.ee\/special-events\/"},"modified":"2025-05-12T15:57:43","modified_gmt":"2025-05-12T13:57:43","slug":"special-events","status":"publish","type":"page","link":"https:\/\/alicebackyard.ee\/en\/special-events\/","title":{"rendered":"Special Events"},"content":{"rendered":"\t\t<div data-elementor-type=\"wp-page\" data-elementor-id=\"13595\" class=\"elementor elementor-13595\" data-elementor-post-type=\"page\">\n\t\t\t\t\t\t<section class=\"elementor-section elementor-top-section elementor-element elementor-element-37c7c33 elementor-section-full_width qodef-elementor-content-grid elementor-section-stretched elementor-section-height-default elementor-section-height-default\" data-id=\"37c7c33\" data-element_type=\"section\" data-e-type=\"section\" data-settings=\"{&quot;background_background&quot;:&quot;classic&quot;,&quot;stretch_section&quot;:&quot;section-stretched&quot;}\">\n\t\t\t\t\t\t\t<div class=\"elementor-background-overlay\"><\/div>\n\t\t\t\t\t\t\t<div class=\"elementor-container elementor-column-gap-no\">\n\t\t\t\t\t<div class=\"elementor-column elementor-col-100 elementor-top-column elementor-element elementor-element-c1312c2\" data-id=\"c1312c2\" data-element_type=\"column\" data-e-type=\"column\">\n\t\t\t<div class=\"elementor-widget-wrap elementor-element-populated\">\n\t\t\t\t\t\t<div class=\"elementor-element elementor-element-65458f0 elementor-widget elementor-widget-heading\" data-id=\"65458f0\" data-element_type=\"widget\" data-e-type=\"widget\" data-widget_type=\"heading.default\">\n\t\t\t\t<div class=\"elementor-widget-container\">\n\t\t\t\t\t<h1 class=\"elementor-heading-title elementor-size-default\">Special Events in Alice Backyard Caf\u00e9<\/h1>\t\t\t\t<\/div>\n\t\t\t\t<\/div>\n\t\t\t\t<div class=\"elementor-element elementor-element-c8d29b5 elementor-widget elementor-widget-text-editor\" data-id=\"c8d29b5\" data-element_type=\"widget\" data-e-type=\"widget\" data-widget_type=\"text-editor.default\">\n\t\t\t\t<div class=\"elementor-widget-container\">\n\t\t\t\t\t\t\t\t\t<p>Alice&#8217;s Backyard hosts events all year round!<br \/>Come and enjoy summer concerts, winter spa nights or host your own private event at our venue.<\/p>\n<p>You&#8217;re more than welcome!<\/p>\n\t\t\t\t\t\t\t\t<\/div>\n\t\t\t\t<\/div>\n\t\t\t\t<div class=\"elementor-element elementor-element-395dbcf elementor-widget elementor-widget-menu-anchor\" data-id=\"395dbcf\" data-element_type=\"widget\" data-e-type=\"widget\" data-widget_type=\"menu-anchor.default\">\n\t\t\t\t<div class=\"elementor-widget-container\">\n\t\t\t\t\t\t\t<div class=\"elementor-menu-anchor\" id=\"luxury-spa\"><\/div>\n\t\t\t\t\t\t<\/div>\n\t\t\t\t<\/div>\n\t\t\t\t\t<\/div>\n\t\t<\/div>\n\t\t\t\t\t<\/div>\n\t\t<\/section>\n\t\t\t\t<section class=\"elementor-section elementor-top-section elementor-element elementor-element-32e7d27 elementor-section-stretched elementor-reverse-mobile elementor-section-boxed elementor-section-height-default elementor-section-height-default qodef-elementor-content-no\" data-id=\"32e7d27\" data-element_type=\"section\" data-e-type=\"section\" data-settings=\"{&quot;stretch_section&quot;:&quot;section-stretched&quot;}\">\n\t\t\t\t\t\t<div class=\"elementor-container elementor-column-gap-default\">\n\t\t\t\t\t<div class=\"elementor-column elementor-col-50 elementor-top-column elementor-element elementor-element-a5902e0\" data-id=\"a5902e0\" data-element_type=\"column\" data-e-type=\"column\" data-settings=\"{&quot;background_background&quot;:&quot;classic&quot;}\">\n\t\t\t<div class=\"elementor-widget-wrap elementor-element-populated\">\n\t\t\t\t\t\t<div class=\"elementor-element elementor-element-a79c6d0 elementor-widget elementor-widget-heading\" data-id=\"a79c6d0\" data-element_type=\"widget\" data-e-type=\"widget\" data-widget_type=\"heading.default\">\n\t\t\t\t<div class=\"elementor-widget-container\">\n\t\t\t\t\t<h2 class=\"elementor-heading-title elementor-size-default\">Summer 2025 events<\/h2>\t\t\t\t<\/div>\n\t\t\t\t<\/div>\n\t\t\t\t<div class=\"elementor-element elementor-element-8cbec48 elementor-widget elementor-widget-text-editor\" data-id=\"8cbec48\" data-element_type=\"widget\" data-e-type=\"widget\" data-widget_type=\"text-editor.default\">\n\t\t\t\t<div class=\"elementor-widget-container\">\n\t\t\t\t\t\t\t\t\t<p>14.06.25 <strong>SUSHI &amp; WINE<\/strong> &#8211; Don&#8217;t miss this &#8211; the tastiest Saturday of the summer! \ud83c\udf71<br \/>19.06.25 <strong>FREE summer opening party<\/strong> &#8211; We invite you to spend a nice summer evening with good music, new summer cocktails and delicious food! \ud83c\udf79<br \/>17.07.25 <strong>Triin Niitoja &amp; Martin Kivi<\/strong> LIVE concert!<br \/>31.07.25 <strong>Mari J\u00fcrjens<\/strong> LIVE concert<br \/>&#8230;.<br \/><em>NB! The list of events will be updated regularly.<\/em><\/p>\n\t\t\t\t\t\t\t\t<\/div>\n\t\t\t\t<\/div>\n\t\t\t\t<div class=\"elementor-element elementor-element-39e894a elementor-align-left elementor-widget elementor-widget-button\" data-id=\"39e894a\" data-element_type=\"widget\" data-e-type=\"widget\" data-widget_type=\"button.default\">\n\t\t\t\t<div class=\"elementor-widget-container\">\n\t\t\t\t\t\t\t\t\t<div class=\"elementor-button-wrapper\">\n\t\t\t\t\t<a class=\"elementor-button elementor-button-link elementor-size-sm\" href=\"https:\/\/fienta.com\/et?country=ee&#038;q=alice%20backyard\">\n\t\t\t\t\t\t<span class=\"elementor-button-content-wrapper\">\n\t\t\t\t\t\t\t\t\t<span class=\"elementor-button-text\">Information and tickets<\/span>\n\t\t\t\t\t<\/span>\n\t\t\t\t\t<\/a>\n\t\t\t\t<\/div>\n\t\t\t\t\t\t\t\t<\/div>\n\t\t\t\t<\/div>\n\t\t\t\t<div class=\"elementor-element elementor-element-d267fd8 elementor-widget elementor-widget-menu-anchor\" data-id=\"d267fd8\" data-element_type=\"widget\" data-e-type=\"widget\" data-widget_type=\"menu-anchor.default\">\n\t\t\t\t<div class=\"elementor-widget-container\">\n\t\t\t\t\t\t\t<div class=\"elementor-menu-anchor\" id=\"romancepackage\"><\/div>\n\t\t\t\t\t\t<\/div>\n\t\t\t\t<\/div>\n\t\t\t\t\t<\/div>\n\t\t<\/div>\n\t\t\t\t<div class=\"elementor-column elementor-col-50 elementor-top-column elementor-element elementor-element-cf6b484 elementor-hidden-phone\" data-id=\"cf6b484\" data-element_type=\"column\" data-e-type=\"column\" data-settings=\"{&quot;background_background&quot;:&quot;classic&quot;}\">\n\t\t\t<div class=\"elementor-widget-wrap\">\n\t\t\t\t\t\t\t<\/div>\n\t\t<\/div>\n\t\t\t\t\t<\/div>\n\t\t<\/section>\n\t\t\t\t<section class=\"elementor-section elementor-top-section elementor-element elementor-element-dadbf93 elementor-section-stretched elementor-section-boxed elementor-section-height-default elementor-section-height-default qodef-elementor-content-no\" data-id=\"dadbf93\" data-element_type=\"section\" data-e-type=\"section\" data-settings=\"{&quot;stretch_section&quot;:&quot;section-stretched&quot;,&quot;background_background&quot;:&quot;classic&quot;}\">\n\t\t\t\t\t\t<div class=\"elementor-container elementor-column-gap-default\">\n\t\t\t\t\t<div class=\"elementor-column elementor-col-50 elementor-top-column elementor-element elementor-element-45d0efa elementor-hidden-phone\" data-id=\"45d0efa\" data-element_type=\"column\" data-e-type=\"column\" data-settings=\"{&quot;background_background&quot;:&quot;classic&quot;}\">\n\t\t\t<div class=\"elementor-widget-wrap elementor-element-populated\">\n\t\t\t\t\t\t<div class=\"elementor-element elementor-element-afd28c7 elementor-widget elementor-widget-spacer\" data-id=\"afd28c7\" data-element_type=\"widget\" data-e-type=\"widget\" data-widget_type=\"spacer.default\">\n\t\t\t\t<div class=\"elementor-widget-container\">\n\t\t\t\t\t\t\t<div class=\"elementor-spacer\">\n\t\t\t<div class=\"elementor-spacer-inner\"><\/div>\n\t\t<\/div>\n\t\t\t\t\t\t<\/div>\n\t\t\t\t<\/div>\n\t\t\t\t\t<\/div>\n\t\t<\/div>\n\t\t\t\t<div class=\"elementor-column elementor-col-50 elementor-top-column elementor-element elementor-element-69915b2\" data-id=\"69915b2\" data-element_type=\"column\" data-e-type=\"column\" data-settings=\"{&quot;background_background&quot;:&quot;classic&quot;}\">\n\t\t\t<div class=\"elementor-widget-wrap elementor-element-populated\">\n\t\t\t\t\t\t<div class=\"elementor-element elementor-element-7e1c019 elementor-widget elementor-widget-heading\" data-id=\"7e1c019\" data-element_type=\"widget\" data-e-type=\"widget\" data-widget_type=\"heading.default\">\n\t\t\t\t<div class=\"elementor-widget-container\">\n\t\t\t\t\t<h2 class=\"elementor-heading-title elementor-size-default\">P\u00e4rnu Restaurant Week 2025<\/h2>\t\t\t\t<\/div>\n\t\t\t\t<\/div>\n\t\t\t\t<div class=\"elementor-element elementor-element-2a58de7 elementor-widget elementor-widget-text-editor\" data-id=\"2a58de7\" data-element_type=\"widget\" data-e-type=\"widget\" data-widget_type=\"text-editor.default\">\n\t\t\t\t<div class=\"elementor-widget-container\">\n\t\t\t\t\t\t\t\t\t<p>2025 information on the way!<\/p>\n\t\t\t\t\t\t\t\t<\/div>\n\t\t\t\t<\/div>\n\t\t\t\t<div class=\"elementor-element elementor-element-abdff16 elementor-align-left elementor-widget elementor-widget-button\" data-id=\"abdff16\" data-element_type=\"widget\" data-e-type=\"widget\" data-widget_type=\"button.default\">\n\t\t\t\t<div class=\"elementor-widget-container\">\n\t\t\t\t\t\t\t\t\t<div class=\"elementor-button-wrapper\">\n\t\t\t\t\t<a class=\"elementor-button elementor-size-sm\" role=\"button\">\n\t\t\t\t\t\t<span class=\"elementor-button-content-wrapper\">\n\t\t\t\t\t\t\t\t\t<span class=\"elementor-button-text\">Book a table<\/span>\n\t\t\t\t\t<\/span>\n\t\t\t\t\t<\/a>\n\t\t\t\t<\/div>\n\t\t\t\t\t\t\t\t<\/div>\n\t\t\t\t<\/div>\n\t\t\t\t<div class=\"elementor-element elementor-element-adf8c6b elementor-widget elementor-widget-menu-anchor\" data-id=\"adf8c6b\" data-element_type=\"widget\" data-e-type=\"widget\" data-widget_type=\"menu-anchor.default\">\n\t\t\t\t<div class=\"elementor-widget-container\">\n\t\t\t\t\t\t\t<div class=\"elementor-menu-anchor\" id=\"restart\"><\/div>\n\t\t\t\t\t\t<\/div>\n\t\t\t\t<\/div>\n\t\t\t\t\t<\/div>\n\t\t<\/div>\n\t\t\t\t\t<\/div>\n\t\t<\/section>\n\t\t\t\t<section class=\"elementor-section elementor-top-section elementor-element elementor-element-ff68a0c elementor-section-stretched elementor-reverse-mobile elementor-section-boxed elementor-section-height-default elementor-section-height-default qodef-elementor-content-no\" data-id=\"ff68a0c\" data-element_type=\"section\" data-e-type=\"section\" data-settings=\"{&quot;stretch_section&quot;:&quot;section-stretched&quot;,&quot;background_background&quot;:&quot;classic&quot;}\">\n\t\t\t\t\t\t<div class=\"elementor-container elementor-column-gap-default\">\n\t\t\t\t\t<div class=\"elementor-column elementor-col-100 elementor-top-column elementor-element elementor-element-fe340b2\" data-id=\"fe340b2\" data-element_type=\"column\" data-e-type=\"column\" data-settings=\"{&quot;background_background&quot;:&quot;classic&quot;}\">\n\t\t\t<div class=\"elementor-widget-wrap elementor-element-populated\">\n\t\t\t\t\t\t<div class=\"elementor-element elementor-element-6787aac elementor-widget elementor-widget-heading\" data-id=\"6787aac\" data-element_type=\"widget\" data-e-type=\"widget\" data-widget_type=\"heading.default\">\n\t\t\t\t<div class=\"elementor-widget-container\">\n\t\t\t\t\t<h2 class=\"elementor-heading-title elementor-size-default\">We offer the possibility to organize various events.<\/h2>\t\t\t\t<\/div>\n\t\t\t\t<\/div>\n\t\t\t\t<div class=\"elementor-element elementor-element-015ea53 elementor-widget elementor-widget-text-editor\" data-id=\"015ea53\" data-element_type=\"widget\" data-e-type=\"widget\" data-widget_type=\"text-editor.default\">\n\t\t\t\t<div class=\"elementor-widget-container\">\n\t\t\t\t\t\t\t\t\t<p>Need a place for a company party, a birthday celebration or just want to take some time out with family or friends to relax?<br \/>Bookings for the whole house (accommodation, spa) are available from September to May for groups of 8 people or more.<\/p>\n<p>Ask for a more detailed offer<\/p>\n<p>info@alicebackyard.ee<\/p>\n\t\t\t\t\t\t\t\t<\/div>\n\t\t\t\t<\/div>\n\t\t\t\t\t<\/div>\n\t\t<\/div>\n\t\t\t\t\t<\/div>\n\t\t<\/section>\n\t\t\t\t<\/div>\n\t\t","protected":false},"excerpt":{"rendered":"<p>Special Events in Alice Backyard Caf\u00e9 Alice&#8217;s Backyard hosts events all year round!Come and enjoy summer concerts, winter spa nights or host your own private event at our venue. You&#8217;re more than welcome! Summer 2025 events 14.06.25 SUSHI &amp; WINE &#8211; Don&#8217;t miss this &#8211; the tastiest Saturday of the summer! \ud83c\udf7119.06.25 FREE summer opening [&hellip;]<\/p>\n","protected":false},"author":5,"featured_media":14680,"parent":0,"menu_order":0,"comment_status":"closed","ping_status":"closed","template":"elementor_header_footer","meta":{"footnotes":""},"class_list":["post-13595","page","type-page","status-publish","has-post-thumbnail","hentry"],"yoast_head":"<!-- This site is optimized with the Yoast SEO plugin v27.3 - https:\/\/yoast.com\/product\/yoast-seo-wordpress\/ -->\n<title>Events in P\u00e4rnu<\/title>\n<meta name=\"description\" content=\"Find fun events in Alice Backyard, P\u00e4rnu. Live music, food events and much more.\" \/>\n<meta name=\"robots\" content=\"index, follow, max-snippet:-1, max-image-preview:large, max-video-preview:-1\" \/>\n<link rel=\"canonical\" href=\"https:\/\/alicebackyard.ee\/erilised-sundmused\/\" \/>\n<meta property=\"og:locale\" content=\"en_US\" \/>\n<meta property=\"og:type\" content=\"article\" \/>\n<meta property=\"og:title\" content=\"Events in P\u00e4rnu\" \/>\n<meta property=\"og:description\" content=\"Find fun events in Alice Backyard, P\u00e4rnu. Live music, food events and much more.\" \/>\n<meta property=\"og:url\" content=\"https:\/\/alicebackyard.ee\/erilised-sundmused\/\" \/>\n<meta property=\"og:site_name\" content=\"Alice Backyard\" \/>\n<meta property=\"article:publisher\" content=\"https:\/\/www.facebook.com\/memmemajutus.ee\" \/>\n<meta property=\"article:modified_time\" content=\"2025-05-12T13:57:43+00:00\" \/>\n<meta name=\"twitter:card\" content=\"summary_large_image\" \/>\n<meta name=\"twitter:label1\" content=\"Est. reading time\" \/>\n\t<meta name=\"twitter:data1\" content=\"1 minute\" \/>\n<script type=\"application\/ld+json\" class=\"yoast-schema-graph\">{\"@context\":\"https:\\\/\\\/schema.org\",\"@graph\":[{\"@type\":\"WebPage\",\"@id\":\"https:\\\/\\\/alicebackyard.ee\\\/erilised-sundmused\\\/\",\"url\":\"https:\\\/\\\/alicebackyard.ee\\\/erilised-sundmused\\\/\",\"name\":\"Events in P\u00e4rnu\",\"isPartOf\":{\"@id\":\"https:\\\/\\\/alicebackyard.ee\\\/#website\"},\"primaryImageOfPage\":{\"@id\":\"https:\\\/\\\/alicebackyard.ee\\\/erilised-sundmused\\\/#primaryimage\"},\"image\":{\"@id\":\"https:\\\/\\\/alicebackyard.ee\\\/erilised-sundmused\\\/#primaryimage\"},\"thumbnailUrl\":\"https:\\\/\\\/alicebackyard.ee\\\/wp-content\\\/uploads\\\/2025\\\/11\\\/Joulumenuu-2025.png\",\"datePublished\":\"2025-03-27T16:02:57+00:00\",\"dateModified\":\"2025-05-12T13:57:43+00:00\",\"description\":\"Find fun events in Alice Backyard, P\u00e4rnu. Live music, food events and much more.\",\"breadcrumb\":{\"@id\":\"https:\\\/\\\/alicebackyard.ee\\\/erilised-sundmused\\\/#breadcrumb\"},\"inLanguage\":\"en-US\",\"potentialAction\":[{\"@type\":\"ReadAction\",\"target\":[\"https:\\\/\\\/alicebackyard.ee\\\/erilised-sundmused\\\/\"]}]},{\"@type\":\"ImageObject\",\"inLanguage\":\"en-US\",\"@id\":\"https:\\\/\\\/alicebackyard.ee\\\/erilised-sundmused\\\/#primaryimage\",\"url\":\"https:\\\/\\\/alicebackyard.ee\\\/wp-content\\\/uploads\\\/2025\\\/11\\\/Joulumenuu-2025.png\",\"contentUrl\":\"https:\\\/\\\/alicebackyard.ee\\\/wp-content\\\/uploads\\\/2025\\\/11\\\/Joulumenuu-2025.png\",\"width\":1080,\"height\":1080,\"caption\":\"J\u00f5ulumen\u00fc\u00fc\"},{\"@type\":\"BreadcrumbList\",\"@id\":\"https:\\\/\\\/alicebackyard.ee\\\/erilised-sundmused\\\/#breadcrumb\",\"itemListElement\":[{\"@type\":\"ListItem\",\"position\":1,\"name\":\"Home\",\"item\":\"https:\\\/\\\/alicebackyard.ee\\\/en\\\/\"},{\"@type\":\"ListItem\",\"position\":2,\"name\":\"Special Events\"}]},{\"@type\":\"WebSite\",\"@id\":\"https:\\\/\\\/alicebackyard.ee\\\/#website\",\"url\":\"https:\\\/\\\/alicebackyard.ee\\\/\",\"name\":\"Alice Backyard\",\"description\":\"M&otilde;nus maja, hubased toad ja kodune olemine\",\"publisher\":{\"@id\":\"https:\\\/\\\/alicebackyard.ee\\\/#organization\"},\"potentialAction\":[{\"@type\":\"SearchAction\",\"target\":{\"@type\":\"EntryPoint\",\"urlTemplate\":\"https:\\\/\\\/alicebackyard.ee\\\/?s={search_term_string}\"},\"query-input\":{\"@type\":\"PropertyValueSpecification\",\"valueRequired\":true,\"valueName\":\"search_term_string\"}}],\"inLanguage\":\"en-US\"},{\"@type\":\"Organization\",\"@id\":\"https:\\\/\\\/alicebackyard.ee\\\/#organization\",\"name\":\"Memme majutus\",\"url\":\"https:\\\/\\\/alicebackyard.ee\\\/\",\"logo\":{\"@type\":\"ImageObject\",\"inLanguage\":\"en-US\",\"@id\":\"https:\\\/\\\/alicebackyard.ee\\\/#\\\/schema\\\/logo\\\/image\\\/\",\"url\":\"https:\\\/\\\/alicebackyard.ee\\\/wp-content\\\/uploads\\\/2021\\\/09\\\/memme-majutus-logo.png\",\"contentUrl\":\"https:\\\/\\\/alicebackyard.ee\\\/wp-content\\\/uploads\\\/2021\\\/09\\\/memme-majutus-logo.png\",\"width\":404,\"height\":150,\"caption\":\"Memme majutus\"},\"image\":{\"@id\":\"https:\\\/\\\/alicebackyard.ee\\\/#\\\/schema\\\/logo\\\/image\\\/\"},\"sameAs\":[\"https:\\\/\\\/www.facebook.com\\\/memmemajutus.ee\",\"https:\\\/\\\/www.instagram.com\\\/memme_accommodation\\\/\"]}]}<\/script>\n<!-- \/ Yoast SEO plugin. -->","yoast_head_json":{"title":"Events in P\u00e4rnu","description":"Find fun events in Alice Backyard, P\u00e4rnu. Live music, food events and much more.","robots":{"index":"index","follow":"follow","max-snippet":"max-snippet:-1","max-image-preview":"max-image-preview:large","max-video-preview":"max-video-preview:-1"},"canonical":"https:\/\/alicebackyard.ee\/erilised-sundmused\/","og_locale":"en_US","og_type":"article","og_title":"Events in P\u00e4rnu","og_description":"Find fun events in Alice Backyard, P\u00e4rnu. Live music, food events and much more.","og_url":"https:\/\/alicebackyard.ee\/erilised-sundmused\/","og_site_name":"Alice Backyard","article_publisher":"https:\/\/www.facebook.com\/memmemajutus.ee","article_modified_time":"2025-05-12T13:57:43+00:00","twitter_card":"summary_large_image","twitter_misc":{"Est. reading time":"1 minute"},"schema":{"@context":"https:\/\/schema.org","@graph":[{"@type":"WebPage","@id":"https:\/\/alicebackyard.ee\/erilised-sundmused\/","url":"https:\/\/alicebackyard.ee\/erilised-sundmused\/","name":"Events in P\u00e4rnu","isPartOf":{"@id":"https:\/\/alicebackyard.ee\/#website"},"primaryImageOfPage":{"@id":"https:\/\/alicebackyard.ee\/erilised-sundmused\/#primaryimage"},"image":{"@id":"https:\/\/alicebackyard.ee\/erilised-sundmused\/#primaryimage"},"thumbnailUrl":"https:\/\/alicebackyard.ee\/wp-content\/uploads\/2025\/11\/Joulumenuu-2025.png","datePublished":"2025-03-27T16:02:57+00:00","dateModified":"2025-05-12T13:57:43+00:00","description":"Find fun events in Alice Backyard, P\u00e4rnu. Live music, food events and much more.","breadcrumb":{"@id":"https:\/\/alicebackyard.ee\/erilised-sundmused\/#breadcrumb"},"inLanguage":"en-US","potentialAction":[{"@type":"ReadAction","target":["https:\/\/alicebackyard.ee\/erilised-sundmused\/"]}]},{"@type":"ImageObject","inLanguage":"en-US","@id":"https:\/\/alicebackyard.ee\/erilised-sundmused\/#primaryimage","url":"https:\/\/alicebackyard.ee\/wp-content\/uploads\/2025\/11\/Joulumenuu-2025.png","contentUrl":"https:\/\/alicebackyard.ee\/wp-content\/uploads\/2025\/11\/Joulumenuu-2025.png","width":1080,"height":1080,"caption":"J\u00f5ulumen\u00fc\u00fc"},{"@type":"BreadcrumbList","@id":"https:\/\/alicebackyard.ee\/erilised-sundmused\/#breadcrumb","itemListElement":[{"@type":"ListItem","position":1,"name":"Home","item":"https:\/\/alicebackyard.ee\/en\/"},{"@type":"ListItem","position":2,"name":"Special Events"}]},{"@type":"WebSite","@id":"https:\/\/alicebackyard.ee\/#website","url":"https:\/\/alicebackyard.ee\/","name":"Alice Backyard","description":"M&otilde;nus maja, hubased toad ja kodune olemine","publisher":{"@id":"https:\/\/alicebackyard.ee\/#organization"},"potentialAction":[{"@type":"SearchAction","target":{"@type":"EntryPoint","urlTemplate":"https:\/\/alicebackyard.ee\/?s={search_term_string}"},"query-input":{"@type":"PropertyValueSpecification","valueRequired":true,"valueName":"search_term_string"}}],"inLanguage":"en-US"},{"@type":"Organization","@id":"https:\/\/alicebackyard.ee\/#organization","name":"Memme majutus","url":"https:\/\/alicebackyard.ee\/","logo":{"@type":"ImageObject","inLanguage":"en-US","@id":"https:\/\/alicebackyard.ee\/#\/schema\/logo\/image\/","url":"https:\/\/alicebackyard.ee\/wp-content\/uploads\/2021\/09\/memme-majutus-logo.png","contentUrl":"https:\/\/alicebackyard.ee\/wp-content\/uploads\/2021\/09\/memme-majutus-logo.png","width":404,"height":150,"caption":"Memme majutus"},"image":{"@id":"https:\/\/alicebackyard.ee\/#\/schema\/logo\/image\/"},"sameAs":["https:\/\/www.facebook.com\/memmemajutus.ee","https:\/\/www.instagram.com\/memme_accommodation\/"]}]}},"_links":{"self":[{"href":"https:\/\/alicebackyard.ee\/en\/wp-json\/wp\/v2\/pages\/13595","targetHints":{"allow":["GET"]}}],"collection":[{"href":"https:\/\/alicebackyard.ee\/en\/wp-json\/wp\/v2\/pages"}],"about":[{"href":"https:\/\/alicebackyard.ee\/en\/wp-json\/wp\/v2\/types\/page"}],"author":[{"embeddable":true,"href":"https:\/\/alicebackyard.ee\/en\/wp-json\/wp\/v2\/users\/5"}],"replies":[{"embeddable":true,"href":"https:\/\/alicebackyard.ee\/en\/wp-json\/wp\/v2\/comments?post=13595"}],"version-history":[{"count":1,"href":"https:\/\/alicebackyard.ee\/en\/wp-json\/wp\/v2\/pages\/13595\/revisions"}],"predecessor-version":[{"id":13596,"href":"https:\/\/alicebackyard.ee\/en\/wp-json\/wp\/v2\/pages\/13595\/revisions\/13596"}],"wp:featuredmedia":[{"embeddable":true,"href":"https:\/\/alicebackyard.ee\/en\/wp-json\/wp\/v2\/media\/14680"}],"wp:attachment":[{"href":"https:\/\/alicebackyard.ee\/en\/wp-json\/wp\/v2\/media?parent=13595"}],"curies":[{"name":"wp","href":"https:\/\/api.w.org\/{rel}","templated":true}]}}